{"id":2113,"date":"2017-04-18T08:04:49","date_gmt":"2017-04-18T07:04:49","guid":{"rendered":"http:\/\/www.aiguabella.com\/home-2\/"},"modified":"2021-03-11T16:42:07","modified_gmt":"2021-03-11T15:42:07","slug":"activities-to-do","status":"publish","type":"page","link":"https:\/\/www.aiguabella.com\/en\/activities-to-do\/","title":{"rendered":"Activities to do"},"content":{"rendered":"<section class=\"wpb-content-wrapper\"><p>[vc_row full_width=&#8221;stretch_row_content_no_spaces&#8221; css=&#8221;.vc_custom_1492536790458{padding-left: 60px !important;}&#8221;][vc_column][vc_empty_space height=&#8221;20px&#8221;][vc_column_text]<\/p>\n<h2><a href=\"https:\/\/ca.wikiloc.com\/rutes\/senderisme\/espanya\/catalunya\/sant-feliu-de-pallerols?from=0&amp;to=10\">Discover our best trails&nbsp;<\/a><\/h2>\n<p>(font: WikiLoc)[\/vc_column_text][\/vc_column][\/vc_row][vc_row full_width=&#8221;stretch_row_content&#8221; css=&#8221;.vc_custom_1492189570341{padding-top: 50px !important;padding-right: 50px !important;padding-bottom: 0px !important;padding-left: 50px !important;}&#8221;][vc_column width=&#8221;1\/3&#8243; css=&#8221;.vc_custom_1492535765097{padding-top: 0px !important;}&#8221;][vc_column_text]<\/p>\n<h1><a href=\"https:\/\/ca.wikiloc.com\/wikiloc\/view.do?id=8840229\">Volc\u00e0 de Sant Marc &#8211; Roques Encantades &#8211; La Salut<\/a><\/h1>\n<p>[\/vc_column_text][vc_single_image image=&#8221;1936&#8243; img_size=&#8221;large&#8221;][\/vc_column][vc_column width=&#8221;1\/2&#8243;][vc_column_text css=&#8221;.vc_custom_1493060740018{padding-top: 130px !important;padding-left: 20px !important;}&#8221;]<em><strong>The legend goes&#8230;&nbsp;<\/strong>the demon lived on the upper side of the Collsacabra sierra and spent his time throwing giant rocks down the mountain. All the neighbours of the valley, tired of&nbsp;his mischievousness, called the Guardian Angel to put and end to it. The angel put the rocks in chains so the demon couldn&#8217;t throw them, and since that was his favourite pastime, he went somwhere else.<\/em><\/p>\n<p>Whether the legend is true or not, the truth is that Les Roques Encantades (Haunted Rocks) is an excursion that will delight the whole family.<\/p>\n<p style=\"text-align: center;\"><b>Difficulty<\/b>&nbsp;<i id=\"skill-1\" class=\"icon-circle\"><\/i>&nbsp;&nbsp;Easy<\/p>\n<p style=\"text-align: center;\"><strong>Duration&nbsp;<\/strong>5 hours 6 minutes<\/p>\n<p style=\"text-align: center;\"><strong>Trail&nbsp;<\/strong>11.5km<\/p>\n<p>[\/vc_column_text][\/vc_column][\/vc_row][vc_row full_width=&#8221;stretch_row_content&#8221; css=&#8221;.vc_custom_1492189570341{padding-top: 50px !important;padding-right: 50px !important;padding-bottom: 0px !important;padding-left: 50px !important;}&#8221;][vc_column width=&#8221;1\/3&#8243; css=&#8221;.vc_custom_1492535765097{padding-top: 0px !important;}&#8221;][vc_column_text]<\/p>\n<h1><a href=\"https:\/\/ca.wikiloc.com\/wikiloc\/view.do?id=12230112\">Sant Feliu de Pallerols \u2013 &nbsp;Colls d\u2019Uria i Bas \u2013 Via Verda \u2013 S. Miquel de Pineda \u2013 Sta. Cecilia<\/a><\/h1>\n<p>[\/vc_column_text][vc_single_image image=&#8221;1935&#8243; img_size=&#8221;large&#8221;][\/vc_column][vc_column width=&#8221;1\/2&#8243;][vc_column_text css=&#8221;.vc_custom_1493137334207{padding-top: 170px !important;padding-left: 20px !important;}&#8221;]This trail of 57 kilometres crosses three regions and twelve villages through the valleys of the Fluvi\u00e0, Brugent and Ter rivers, along a mild slope from Olot (440 m.) to Girona (70 m.), with its highest spot at Coll de Bas, at 558 m. above the sea level. The trail is&nbsp;suitable both on feet or on bicycle, very well preserved and equipped with new bridges, railings and signs.<\/p>\n<p>The Carrilet route crosses many landscapes of a very high importance, both&nbsp;ecologically and culturally. It starts at the Zona Volc\u00e0nica de la Garrotxa, and it follows the old&nbsp;railway trail, arriving to the valley of Ter and the meadows of Salt and Girona.<\/p>\n<p>&nbsp;<\/p>\n<p style=\"text-align: center;\"><strong>Difficulty<\/strong>&nbsp;<i id=\"skill-1\" class=\"icon-circle\"><\/i>&nbsp;&nbsp;Easy<\/p>\n<p style=\"text-align: center;\"><strong>Duration&nbsp;<\/strong>6 hours 9 minutes<\/p>\n<p style=\"text-align: center;\"><strong>Trail&nbsp;<\/strong>18.6 km<\/p>\n<p>[\/vc_column_text][\/vc_column][\/vc_row][vc_row full_width=&#8221;stretch_row_content&#8221; css=&#8221;.vc_custom_1492189570341{padding-top: 50px !important;padding-right: 50px !important;padding-bottom: 0px !important;padding-left: 50px !important;}&#8221;][vc_column width=&#8221;1\/3&#8243; css=&#8221;.vc_custom_1492535765097{padding-top: 0px !important;}&#8221;][vc_column_text]<\/p>\n<h1><a href=\"https:\/\/ca.wikiloc.com\/wikiloc\/view.do?id=16138838\">Sant Feliu de Pallerols &#8211; Castell d&#8217;Hostoles<\/a><\/h1>\n<p>[\/vc_column_text][vc_single_image image=&#8221;1973&#8243; img_size=&#8221;large&#8221;][\/vc_column][vc_column width=&#8221;1\/2&#8243;][vc_column_text css=&#8221;.vc_custom_1493137347440{padding-top: 130px !important;padding-left: 20px !important;}&#8221;]It is worth paying a visit to the imposing medieval fortitude of the Castle of Hostoles (nowadays practically in ruins). There are only a few rooms left preserved, such as La Torre de l&#8217;Homenatge and the great water reservoir of the XIII century.<\/p>\n<p>Its is likely to have its pre-feudal origins during the X century, given the importance of defending the territory conquered by the french.&nbsp;It slowly became a mighty fortitude, constructed by&nbsp;farmers under the orders of feudal lords. It also served both as a refuge from bandits and quarry for the farmhouses nearby. During the first remen\u00e7a war in July of 1462, the farmers occupied the castle turning it&nbsp;into their headquarters during the 10 years this war lasted (1462-1472). It was named as the most distinguished fortitude according to Vicen\u00e7 Vives.<\/p>\n<p>&nbsp;<\/p>\n<p style=\"text-align: center;\"><strong>Duration&nbsp;<\/strong>4 hours 16 minutes<\/p>\n<p style=\"text-align: center;\"><strong>Trail&nbsp;<\/strong>5.94&nbsp;km<\/p>\n<p>[\/vc_column_text][\/vc_column][\/vc_row][vc_row full_width=&#8221;stretch_row_content_no_spaces&#8221; css=&#8221;.vc_custom_1492536790458{padding-left: 60px !important;}&#8221;][vc_column][vc_empty_space height=&#8221;20px&#8221;][vc_column_text]<\/p>\n<h2><a href=\"http:\/\/ca.turismegarrotxa.com\/que-fer\/\">Discover all the activities nearby<\/a><\/h2>\n<p>[\/vc_column_text][\/vc_column][\/vc_row][vc_row full_width=&#8221;stretch_row_content&#8221; css=&#8221;.vc_custom_1492189570341{padding-top: 50px !important;padding-right: 50px !important;padding-bottom: 0px !important;padding-left: 50px !important;}&#8221;][vc_column width=&#8221;1\/3&#8243; css=&#8221;.vc_custom_1492535765097{padding-top: 0px !important;}&#8221;][vc_column_text]<\/p>\n<h1><a href=\"http:\/\/www.activitatsgarrotxa.com\/activitats-a-la-garrotxa-carruatges\/?lang=es\">Passejada en burro per la Fageda de&#8217;n Jord\u00e0<\/a><\/h1>\n<p>[\/vc_column_text][vc_single_image image=&#8221;1976&#8243; img_size=&#8221;large&#8221;][\/vc_column][vc_column width=&#8221;1\/2&#8243;][vc_column_text css=&#8221;.vc_custom_1493137353398{padding-top: 130px !important;padding-left: 20px !important;}&#8221;]Activities in la Garrotxa: Carriages. Dive into the magical&nbsp;beech woods of la Garrotxa. Discover the changing colors of its leaves at every season of the year. Feel the craftiness of the elves living in la Fageda d&#8217;en Jord\u00e0! On the carriages carried by horses, you will travel the interior of this magic forest, while learning its history and its surroundings. It is an hour ride, and, as the poet said.. you will be taken by the sweet oblivion of the world. (t&#8217;agafar\u00e0 un dol\u00e7 oblit de tot el m\u00f3n, Joan Maragall)<\/p>\n<p>&nbsp;<\/p>\n<p style=\"text-align: center;\"><b>Adult Carriage<\/b>&nbsp;9.00\u20ac<\/p>\n<p style=\"text-align: center;\"><strong>Minor Carriage&nbsp;<\/strong>5.00\u20ac<\/p>\n<p>[\/vc_column_text][\/vc_column][\/vc_row][vc_row full_width=&#8221;stretch_row_content&#8221; css=&#8221;.vc_custom_1492189570341{padding-top: 50px !important;padding-right: 50px !important;padding-bottom: 0px !important;padding-left: 50px !important;}&#8221;][vc_column width=&#8221;1\/3&#8243; css=&#8221;.vc_custom_1492535765097{padding-top: 0px !important;}&#8221;][vc_column_text]<\/p>\n<h1><a href=\"http:\/\/www.voldecoloms.cat\/\">Vol en Globus (Santa Pau)<\/a><\/h1>\n<p>[\/vc_column_text][vc_single_image image=&#8221;1979&#8243; img_size=&#8221;large&#8221;][\/vc_column][vc_column width=&#8221;1\/2&#8243;][vc_column_text css=&#8221;.vc_custom_1493137364054{padding-top: 90px !important;padding-left: 20px !important;}&#8221;]Expierence the thrilling adventure of flying on an aerostatic ballon in the Parc Natural de la Zona Volc\u00e0nica, one of the most interesting places of the world with dormant volcanoes.<\/p>\n<p>Flying on a ballon is different way to travel, is floating in the air, calmly in &nbsp;silence while feeling the most absolute&nbsp;sense of freedom and serenity.<\/p>\n<p>It is ideal for nature lovers and for those who are looking for new sensations, such as contempling our landscape from birdseye&#8230;<\/p>\n<p>During clear days, we can observe Montserrat and the mediterranean sea&#8230;<\/p>\n<p>&nbsp;<\/p>\n<p style=\"text-align: center;\"><strong>Duration&nbsp;<\/strong>1h &#8211; 1&#8242;.30h<\/p>\n<p style=\"text-align: center;\"><strong>Price&nbsp;<\/strong>170.00\u20ac<\/p>\n<p>[\/vc_column_text][\/vc_column][\/vc_row][vc_row full_width=&#8221;stretch_row_content&#8221; css=&#8221;.vc_custom_1492189570341{padding-top: 50px !important;padding-right: 50px !important;padding-bottom: 0px !important;padding-left: 50px !important;}&#8221;][vc_column width=&#8221;1\/3&#8243; css=&#8221;.vc_custom_1492535765097{padding-top: 0px !important;}&#8221;][vc_column_text]<\/p>\n<h1><a href=\"http:\/\/es.turismegarrotxa.com\/propuestas-y-rutas\/la-ruta-del-carrilet-la-via-verde-23\/\">Passejada en bici pel Carrilet<\/a><\/h1>\n<p>[\/vc_column_text][vc_single_image image=&#8221;2007&#8243; img_size=&#8221;large&#8221; onclick=&#8221;custom_link&#8221; link=&#8221;http:\/\/es.turismegarrotxa.com\/propuestas-y-rutas\/la-ruta-del-carrilet-la-via-verde-23\/&#8221;][\/vc_column][vc_column width=&#8221;1\/2&#8243;][vc_column_text css=&#8221;.vc_custom_1493069258996{padding-top: 90px !important;padding-left: 20px !important;}&#8221;]<\/p>\n<p class=\"resum\"><strong>La Ruta del Carrilet is a trail only for pedestrians and ciclists that goes over the old railway trail that linked Olot to Girona.<\/strong><\/p>\n<p class=\"resum\">If you decide to get on your bikes and hit the road, you will discover many elements of great ecologic and cultural interest. In fact, the volcanic landscape of this trailwalk, accompanies us from Olot to Girona, crossing many charming villages along the way, arriving to the sea.<\/p>\n<p style=\"text-align: center;\">Trail available to do with kids<\/p>\n<p>[\/vc_column_text][\/vc_column][\/vc_row][vc_row full_width=&#8221;stretch_row_content&#8221; css=&#8221;.vc_custom_1492589308277{padding-left: 50px !important;}&#8221;][vc_column][vc_column_text]<\/p>\n<h2>Sites of interest<\/h2>\n<p>[\/vc_column_text][\/vc_column][\/vc_row][vc_row full_width=&#8221;stretch_row_content&#8221; css=&#8221;.vc_custom_1492589987330{padding-right: 50px !important;padding-left: 50px !important;}&#8221;][vc_column width=&#8221;1\/6&#8243;][vc_single_image image=&#8221;1981&#8243; img_size=&#8221;medium&#8221; onclick=&#8221;custom_link&#8221; link=&#8221;http:\/\/ca.turismegarrotxa.com&#8221;][\/vc_column][vc_column width=&#8221;1\/6&#8243;][vc_single_image image=&#8221;2000&#8243; img_size=&#8221;medium&#8221; onclick=&#8221;custom_link&#8221; link=&#8221;http:\/\/www.santfeliudepallerols.cat\/&#8221;][\/vc_column][vc_column width=&#8221;1\/6&#8243;][vc_single_image image=&#8221;1999&#8243; img_size=&#8221;medium&#8221; onclick=&#8221;custom_link&#8221; link=&#8221;http:\/\/www.olot.cat\/skin\/default.aspx&#8221;][\/vc_column][vc_column width=&#8221;1\/6&#8243;][vc_single_image image=&#8221;2002&#8243; img_size=&#8221;medium&#8221; onclick=&#8221;custom_link&#8221; link=&#8221;http:\/\/www.activitatsgarrotxa.com\/&#8221;][\/vc_column][vc_column width=&#8221;1\/6&#8243;][vc_single_image image=&#8221;2003&#8243; img_size=&#8221;medium&#8221; onclick=&#8221;custom_link&#8221; link=&#8221;https:\/\/www.wikiloc.com\/wikiloc\/find.do?q=Alta+Garrotxa&#8221;][\/vc_column][vc_column width=&#8221;1\/6&#8243;][vc_single_image image=&#8221;2005&#8243; img_size=&#8221;medium&#8221; onclick=&#8221;custom_link&#8221; link=&#8221;http:\/\/hospiolot.com\/&#8221;][\/vc_column][\/vc_row]<\/p>\n<\/section>","protected":false},"excerpt":{"rendered":"<p>[vc_row full_width=&#8221;stretch_row_content_no_spaces&#8221; css=&#8221;.vc_custom_1492536790458{padding-left: 60px !important;}&#8221;][vc_column][vc_empty_space height=&#8221;20px&#8221;][vc_column_text] Discover our best trails&nbsp; (font: WikiLoc)[\/vc_column_text][\/vc_column][\/vc_row][vc_row full_width=&#8221;stretch_row_content&#8221; css=&#8221;.vc_custom_1492189570341{padding-top: 50px !important;padding-right: 50px !important;padding-bottom: 0px !important;padding-left: 50px !important;}&#8221;][vc_column width=&#8221;1\/3&#8243; css=&#8221;.vc_custom_1492535765097{padding-top: 0px !important;}&#8221;][vc_column_text] Volc\u00e0 de Sant Marc &#8211; Roques Encantades &#8211; La Salut [\/vc_column_text][vc_single_image image=&#8221;1936&#8243; img_size=&#8221;large&#8221;][\/vc_column][vc_column width=&#8221;1\/2&#8243;][vc_column_text css=&#8221;.vc_custom_1493060740018{padding-top: 130px !important;padding-left: 20px !important;}&#8221;]The legend goes&#8230;&nbsp;the demon lived on the upper side of the [&hellip;]<\/p>\n","protected":false},"author":2,"featured_media":2007,"parent":0,"menu_order":1,"comment_status":"closed","ping_status":"closed","template":"page-templates\/home-page.php","meta":[],"yoast_head":"<!-- This site is optimized with the Yoast SEO plugin v20.12 - https:\/\/yoast.com\/wordpress\/plugins\/seo\/ -->\n<title>Activities to do - Aiguabella<\/title>\n<meta name=\"robots\" content=\"index, follow, max-snippet:-1, max-image-preview:large, max-video-preview:-1\" \/>\n<link rel=\"canonical\" href=\"https:\/\/www.aiguabella.com\/en\/activities-to-do\/\" \/>\n<meta property=\"og:locale\" content=\"en_US\" \/>\n<meta property=\"og:type\" content=\"article\" \/>\n<meta property=\"og:title\" content=\"Activities to do - Aiguabella\" \/>\n<meta property=\"og:description\" content=\"[vc_row full_width=&#8221;stretch_row_content_no_spaces&#8221; css=&#8221;.vc_custom_1492536790458{padding-left: 60px !important;}&#8221;][vc_column][vc_empty_space height=&#8221;20px&#8221;][vc_column_text] Discover our best trails&nbsp; (font: WikiLoc)[\/vc_column_text][\/vc_column][\/vc_row][vc_row full_width=&#8221;stretch_row_content&#8221; css=&#8221;.vc_custom_1492189570341{padding-top: 50px !important;padding-right: 50px !important;padding-bottom: 0px !important;padding-left: 50px !important;}&#8221;][vc_column width=&#8221;1\/3&#8243; css=&#8221;.vc_custom_1492535765097{padding-top: 0px !important;}&#8221;][vc_column_text] Volc\u00e0 de Sant Marc &#8211; Roques Encantades &#8211; La Salut [\/vc_column_text][vc_single_image image=&#8221;1936&#8243; img_size=&#8221;large&#8221;][\/vc_column][vc_column width=&#8221;1\/2&#8243;][vc_column_text css=&#8221;.vc_custom_1493060740018{padding-top: 130px !important;padding-left: 20px !important;}&#8221;]The legend goes&#8230;&nbsp;the demon lived on the upper side of the [&hellip;]\" \/>\n<meta property=\"og:url\" content=\"https:\/\/www.aiguabella.com\/en\/activities-to-do\/\" \/>\n<meta property=\"og:site_name\" content=\"Aiguabella\" \/>\n<meta property=\"article:modified_time\" content=\"2021-03-11T15:42:07+00:00\" \/>\n<meta property=\"og:image\" content=\"https:\/\/www.aiguabella.com\/wp-content\/uploads\/2017\/04\/IMG_4401.jpg\" \/>\n\t<meta property=\"og:image:width\" content=\"1600\" \/>\n\t<meta property=\"og:image:height\" content=\"900\" \/>\n\t<meta property=\"og:image:type\" content=\"image\/jpeg\" \/>\n<meta name=\"twitter:card\" content=\"summary_large_image\" \/>\n<meta name=\"twitter:label1\" content=\"Est. reading time\" \/>\n\t<meta name=\"twitter:data1\" content=\"7 minutes\" \/>\n<script type=\"application\/ld+json\" class=\"yoast-schema-graph\">{\"@context\":\"https:\/\/schema.org\",\"@graph\":[{\"@type\":\"WebPage\",\"@id\":\"https:\/\/www.aiguabella.com\/en\/activities-to-do\/\",\"url\":\"https:\/\/www.aiguabella.com\/en\/activities-to-do\/\",\"name\":\"Activities to do - Aiguabella\",\"isPartOf\":{\"@id\":\"https:\/\/www.aiguabella.com\/#website\"},\"datePublished\":\"2017-04-18T07:04:49+00:00\",\"dateModified\":\"2021-03-11T15:42:07+00:00\",\"breadcrumb\":{\"@id\":\"https:\/\/www.aiguabella.com\/en\/activities-to-do\/#breadcrumb\"},\"inLanguage\":\"en-US\",\"potentialAction\":[{\"@type\":\"ReadAction\",\"target\":[\"https:\/\/www.aiguabella.com\/en\/activities-to-do\/\"]}]},{\"@type\":\"BreadcrumbList\",\"@id\":\"https:\/\/www.aiguabella.com\/en\/activities-to-do\/#breadcrumb\",\"itemListElement\":[{\"@type\":\"ListItem\",\"position\":1,\"name\":\"Inici\",\"item\":\"https:\/\/www.aiguabella.com\/en\/\"},{\"@type\":\"ListItem\",\"position\":2,\"name\":\"Activities to do\"}]},{\"@type\":\"WebSite\",\"@id\":\"https:\/\/www.aiguabella.com\/#website\",\"url\":\"https:\/\/www.aiguabella.com\/\",\"name\":\"Aiguabella\",\"description\":\"Turisme Rural\",\"potentialAction\":[{\"@type\":\"SearchAction\",\"target\":{\"@type\":\"EntryPoint\",\"urlTemplate\":\"https:\/\/www.aiguabella.com\/?s={search_term_string}\"},\"query-input\":\"required name=search_term_string\"}],\"inLanguage\":\"en-US\"}]}<\/script>\n<!-- \/ Yoast SEO plugin. -->","yoast_head_json":{"title":"Activities to do - Aiguabella","robots":{"index":"index","follow":"follow","max-snippet":"max-snippet:-1","max-image-preview":"max-image-preview:large","max-video-preview":"max-video-preview:-1"},"canonical":"https:\/\/www.aiguabella.com\/en\/activities-to-do\/","og_locale":"en_US","og_type":"article","og_title":"Activities to do - Aiguabella","og_description":"[vc_row full_width=&#8221;stretch_row_content_no_spaces&#8221; css=&#8221;.vc_custom_1492536790458{padding-left: 60px !important;}&#8221;][vc_column][vc_empty_space height=&#8221;20px&#8221;][vc_column_text] Discover our best trails&nbsp; (font: WikiLoc)[\/vc_column_text][\/vc_column][\/vc_row][vc_row full_width=&#8221;stretch_row_content&#8221; css=&#8221;.vc_custom_1492189570341{padding-top: 50px !important;padding-right: 50px !important;padding-bottom: 0px !important;padding-left: 50px !important;}&#8221;][vc_column width=&#8221;1\/3&#8243; css=&#8221;.vc_custom_1492535765097{padding-top: 0px !important;}&#8221;][vc_column_text] Volc\u00e0 de Sant Marc &#8211; Roques Encantades &#8211; La Salut [\/vc_column_text][vc_single_image image=&#8221;1936&#8243; img_size=&#8221;large&#8221;][\/vc_column][vc_column width=&#8221;1\/2&#8243;][vc_column_text css=&#8221;.vc_custom_1493060740018{padding-top: 130px !important;padding-left: 20px !important;}&#8221;]The legend goes&#8230;&nbsp;the demon lived on the upper side of the [&hellip;]","og_url":"https:\/\/www.aiguabella.com\/en\/activities-to-do\/","og_site_name":"Aiguabella","article_modified_time":"2021-03-11T15:42:07+00:00","og_image":[{"width":1600,"height":900,"url":"https:\/\/www.aiguabella.com\/wp-content\/uploads\/2017\/04\/IMG_4401.jpg","type":"image\/jpeg"}],"twitter_card":"summary_large_image","twitter_misc":{"Est. reading time":"7 minutes"},"schema":{"@context":"https:\/\/schema.org","@graph":[{"@type":"WebPage","@id":"https:\/\/www.aiguabella.com\/en\/activities-to-do\/","url":"https:\/\/www.aiguabella.com\/en\/activities-to-do\/","name":"Activities to do - Aiguabella","isPartOf":{"@id":"https:\/\/www.aiguabella.com\/#website"},"datePublished":"2017-04-18T07:04:49+00:00","dateModified":"2021-03-11T15:42:07+00:00","breadcrumb":{"@id":"https:\/\/www.aiguabella.com\/en\/activities-to-do\/#breadcrumb"},"inLanguage":"en-US","potentialAction":[{"@type":"ReadAction","target":["https:\/\/www.aiguabella.com\/en\/activities-to-do\/"]}]},{"@type":"BreadcrumbList","@id":"https:\/\/www.aiguabella.com\/en\/activities-to-do\/#breadcrumb","itemListElement":[{"@type":"ListItem","position":1,"name":"Inici","item":"https:\/\/www.aiguabella.com\/en\/"},{"@type":"ListItem","position":2,"name":"Activities to do"}]},{"@type":"WebSite","@id":"https:\/\/www.aiguabella.com\/#website","url":"https:\/\/www.aiguabella.com\/","name":"Aiguabella","description":"Turisme Rural","potentialAction":[{"@type":"SearchAction","target":{"@type":"EntryPoint","urlTemplate":"https:\/\/www.aiguabella.com\/?s={search_term_string}"},"query-input":"required name=search_term_string"}],"inLanguage":"en-US"}]}},"_links":{"self":[{"href":"https:\/\/www.aiguabella.com\/en\/wp-json\/wp\/v2\/pages\/2113"}],"collection":[{"href":"https:\/\/www.aiguabella.com\/en\/wp-json\/wp\/v2\/pages"}],"about":[{"href":"https:\/\/www.aiguabella.com\/en\/wp-json\/wp\/v2\/types\/page"}],"author":[{"embeddable":true,"href":"https:\/\/www.aiguabella.com\/en\/wp-json\/wp\/v2\/users\/2"}],"replies":[{"embeddable":true,"href":"https:\/\/www.aiguabella.com\/en\/wp-json\/wp\/v2\/comments?post=2113"}],"version-history":[{"count":11,"href":"https:\/\/www.aiguabella.com\/en\/wp-json\/wp\/v2\/pages\/2113\/revisions"}],"predecessor-version":[{"id":3119,"href":"https:\/\/www.aiguabella.com\/en\/wp-json\/wp\/v2\/pages\/2113\/revisions\/3119"}],"wp:featuredmedia":[{"embeddable":true,"href":"https:\/\/www.aiguabella.com\/en\/wp-json\/wp\/v2\/media\/2007"}],"wp:attachment":[{"href":"https:\/\/www.aiguabella.com\/en\/wp-json\/wp\/v2\/media?parent=2113"}],"curies":[{"name":"wp","href":"https:\/\/api.w.org\/{rel}","templated":true}]}}